{"id":525,"date":"2018-02-03T19:43:28","date_gmt":"2018-02-03T18:43:28","guid":{"rendered":"http:\/\/www.montagnesnoiresvtt.fr\/?page_id=525"},"modified":"2018-02-03T19:45:51","modified_gmt":"2018-02-03T18:45:51","slug":"forum","status":"publish","type":"page","link":"https:\/\/www.montagnesnoiresvtt.fr\/?page_id=525","title":{"rendered":"Forum"},"content":{"rendered":"<div id=\"af-wrapper\"><div id=\"forum-header\"><div id=\"forum-navigation-mobile\"><a><span class=\"fas fa-bars\"><\/span>Menu<\/a><\/div><span class=\"screen-reader-text\">Navigation du forum<\/span><div id=\"forum-navigation\"><a class=\"home-link\" href=\"https:\/\/www.montagnesnoiresvtt.fr\/?page_id=525\" target=\"_self\">Forum<\/a><a class=\"members-link\" href=\"https:\/\/www.montagnesnoiresvtt.fr\/?page_id=525&#038;view=members\" target=\"_self\">Membres<\/a><a class=\"activity-link\" href=\"https:\/\/www.montagnesnoiresvtt.fr\/?page_id=525&#038;view=activity\" target=\"_self\">Activit\u00e9<\/a><a class=\"login-link\" href=\"https:\/\/www.montagnesnoiresvtt.fr\/wp-login.php?redirect_to=https%3A%2F%2Fwww.montagnesnoiresvtt.fr%2Findex.php%3Frest_route%3D%252Fwp%252Fv2%252Fpages%252F525\" target=\"_self\">Se connecter<\/a><a class=\"register-link\" href=\"https:\/\/www.montagnesnoiresvtt.fr\/wp-login.php?action=register\" target=\"_self\">S\u2019inscrire<\/a><\/div><div id=\"forum-search\"><span class=\"search-icon fas fa-search\"><\/span><form method=\"get\" action=\"https:\/\/www.montagnesnoiresvtt.fr\/?page_id=525&#038;view=search\"><input name=\"view\" type=\"hidden\" value=\"search\"><input name=\"keywords\" type=\"search\" placeholder=\"Recherche\u2026\" value=\"\"><\/form><\/div><div class=\"clear\"><\/div><\/div><div id=\"forum-breadcrumbs\" itemscope itemtype=\"http:\/\/schema.org\/BreadcrumbList\"><span class=\"screen-reader-text\">Fil d\u2019Ariane du forum\u202f\u2013 Vous \u00eates ici\u202f:<\/span><span class=\"breadcrumb-icon fas fa-home\"><\/span><span itemprop=\"itemListElement\" itemscope itemtype=\"https:\/\/schema.org\/ListItem\"><a itemprop=\"item\" href=\"https:\/\/www.montagnesnoiresvtt.fr\/?page_id=525\" title=\"Forum\"><span itemprop=\"name\">Forum<\/span><\/a><meta itemprop=\"position\" content=\"1\"><\/span><span class=\"breadcrumb-icon fas fa-chevron-right separator\"><\/span><\/div><h1 class=\"main-title main-title-\">Forum<\/h1><div class=\"title-element\" id=\"forum-category-13\">Bo\u00eete \u00e0 Id\u00e9es<span class=\"last-post-headline\">Dernier message\u202f:<\/span><\/div><div class=\"content-container\"><div class=\"content-element forum\" id=\"forum-14\"><div class=\"forum-status unread\"><i class=\"fas fa-comments\"><\/i><\/div><div class=\"forum-name\"><a class=\"forum-title\" href=\"https:\/\/www.montagnesnoiresvtt.fr\/?page_id=525&#038;view=forum&#038;id=14\">Pour le Club<\/a><small class=\"forum-description\">Ben comme c&#039;est \u00e9crit dans le titre, les id\u00e9es pour am\u00e9liorer la vie quotidienne de l&#039;association.<\/small><small class=\"forum-stats\">4 sujets&nbsp;&middot;&nbsp;13 messages<\/small><small class=\"forum-lastpost-small\">Dernier article\u00a0:&nbsp;<a href=\"https:\/\/www.montagnesnoiresvtt.fr\/?page_id=525&#038;view=topic&#038;id=100#postid-731\">MNVTT et Facebook<\/a>&nbsp;&middot;&nbsp;<a href=\"https:\/\/www.montagnesnoiresvtt.fr\/?page_id=525&#038;view=topic&#038;id=100#postid-731\">il y a 8 ans <\/a>&nbsp;&middot;&nbsp;<a class=\"profile-link highlight-admin\" href=\"#\">PearLarvor<\/a><\/small><\/div><div class=\"forum-poster\"><div class=\"forum-poster-avatar\"><img alt='' src='https:\/\/secure.gravatar.com\/avatar\/99c00063bffd0a9e7342fcfc9207a8b14a85028da27f5c06d3b8e88b14a87a21?s=40&#038;d=mm&#038;r=g' srcset='https:\/\/secure.gravatar.com\/avatar\/99c00063bffd0a9e7342fcfc9207a8b14a85028da27f5c06d3b8e88b14a87a21?s=80&#038;d=mm&#038;r=g 2x' class='avatar avatar-40 photo' height='40' width='40' \/><\/div><div class=\"forum-poster-summary\"><a href=\"https:\/\/www.montagnesnoiresvtt.fr\/?page_id=525&#038;view=topic&#038;id=100#postid-731\">MNVTT et Facebook<\/a><br><small><a href=\"https:\/\/www.montagnesnoiresvtt.fr\/?page_id=525&#038;view=topic&#038;id=100#postid-731\">il y a 8 ans <\/a><span>&nbsp;&middot;&nbsp;<\/span><a class=\"profile-link highlight-admin\" href=\"#\">PearLarvor<\/a><\/small><\/div><\/div><\/div><div class=\"content-element forum\" id=\"forum-15\"><div class=\"forum-status unread\"><i class=\"fas fa-comments\"><\/i><\/div><div class=\"forum-name\"><a class=\"forum-title\" href=\"https:\/\/www.montagnesnoiresvtt.fr\/?page_id=525&#038;view=forum&#038;id=15\">Pour la rando<\/a><small class=\"forum-description\">Ben comme c&#039;est \u00e9crit dans le titre, les id\u00e9es pour am\u00e9liorer la rando.<\/small><small class=\"forum-stats\">3 sujets&nbsp;&middot;&nbsp;24 messages<\/small><small class=\"forum-lastpost-small\">Dernier article\u00a0:&nbsp;<a href=\"https:\/\/www.montagnesnoiresvtt.fr\/?page_id=525&#038;view=topic&#038;id=53&#038;part=3#postid-564\">Id\u00e9es d&#039;affiche pour promouvoir no &#8230;<\/a>&nbsp;&middot;&nbsp;<a href=\"https:\/\/www.montagnesnoiresvtt.fr\/?page_id=525&#038;view=topic&#038;id=53&#038;part=3#postid-564\">il y a 8 ans <\/a>&nbsp;&middot;&nbsp;<a class=\"profile-link highlight-default\" href=\"#\">jovel<\/a><\/small><\/div><div class=\"forum-poster\"><div class=\"forum-poster-avatar\"><img alt='' src='https:\/\/secure.gravatar.com\/avatar\/65f79b5d761df7b57de39d23844a3b8818fc93ffa0969681ce1cbcb87a06a580?s=40&#038;d=mm&#038;r=g' srcset='https:\/\/secure.gravatar.com\/avatar\/65f79b5d761df7b57de39d23844a3b8818fc93ffa0969681ce1cbcb87a06a580?s=80&#038;d=mm&#038;r=g 2x' class='avatar avatar-40 photo' height='40' width='40' \/><\/div><div class=\"forum-poster-summary\"><a href=\"https:\/\/www.montagnesnoiresvtt.fr\/?page_id=525&#038;view=topic&#038;id=53&#038;part=3#postid-564\">Id\u00e9es d&#039;affiche pour prom &#8230;<\/a><br><small><a href=\"https:\/\/www.montagnesnoiresvtt.fr\/?page_id=525&#038;view=topic&#038;id=53&#038;part=3#postid-564\">il y a 8 ans <\/a><span>&nbsp;&middot;&nbsp;<\/span><a class=\"profile-link highlight-default\" href=\"#\">jovel<\/a><\/small><\/div><\/div><\/div><div class=\"content-element forum\" id=\"forum-11\"><div class=\"forum-status unread\"><i class=\"fas fa-comments\"><\/i><\/div><div class=\"forum-name\"><a class=\"forum-title\" href=\"https:\/\/www.montagnesnoiresvtt.fr\/?page_id=525&#038;view=forum&#038;id=11\">Am\u00e9lioration du site<\/a><small class=\"forum-stats\">1 sujet&nbsp;&middot;&nbsp;32 messages<\/small><small class=\"forum-lastpost-small\">Dernier article\u00a0:&nbsp;<a href=\"https:\/\/www.montagnesnoiresvtt.fr\/?page_id=525&#038;view=topic&#038;id=4&#038;part=4#postid-677\">am\u00e9lioration du site<\/a>&nbsp;&middot;&nbsp;<a href=\"https:\/\/www.montagnesnoiresvtt.fr\/?page_id=525&#038;view=topic&#038;id=4&#038;part=4#postid-677\">il y a 8 ans <\/a>&nbsp;&middot;&nbsp;<a class=\"profile-link highlight-admin\" href=\"#\">Marc Jouanneau<\/a><\/small><\/div><div class=\"forum-poster\"><div class=\"forum-poster-avatar\"><img alt='' src='https:\/\/secure.gravatar.com\/avatar\/e7eeca863a477013ed00b85b96f90f297b832206e600281429a4f08fd391a8a3?s=40&#038;d=mm&#038;r=g' srcset='https:\/\/secure.gravatar.com\/avatar\/e7eeca863a477013ed00b85b96f90f297b832206e600281429a4f08fd391a8a3?s=80&#038;d=mm&#038;r=g 2x' class='avatar avatar-40 photo' height='40' width='40' \/><\/div><div class=\"forum-poster-summary\"><a href=\"https:\/\/www.montagnesnoiresvtt.fr\/?page_id=525&#038;view=topic&#038;id=4&#038;part=4#postid-677\">am\u00e9lioration du site<\/a><br><small><a href=\"https:\/\/www.montagnesnoiresvtt.fr\/?page_id=525&#038;view=topic&#038;id=4&#038;part=4#postid-677\">il y a 8 ans <\/a><span>&nbsp;&middot;&nbsp;<\/span><a class=\"profile-link highlight-admin\" href=\"#\">Marc Jouanneau<\/a><\/small><\/div><\/div><\/div><\/div><div class=\"title-element\" id=\"forum-category-12\">La Ma\u00eetrise \/ Technique<span class=\"last-post-headline\">Dernier message\u202f:<\/span><\/div><div class=\"content-container\"><div class=\"content-element forum\" id=\"forum-9\"><div class=\"forum-status unread\"><i class=\"fas fa-comments\"><\/i><\/div><div class=\"forum-name\"><a class=\"forum-title\" href=\"https:\/\/www.montagnesnoiresvtt.fr\/?page_id=525&#038;view=forum&#038;id=9\">La technique<\/a><small class=\"forum-description\">Comment passer une difficult\u00e9 ...<\/small><small class=\"forum-stats\">9 sujets&nbsp;&middot;&nbsp;2 messages<\/small><small class=\"forum-lastpost-small\">Dernier article\u00a0:&nbsp;<a href=\"https:\/\/www.montagnesnoiresvtt.fr\/?page_id=525&#038;view=topic&#038;id=77#postid-569\">SlowMotion avec Smartphone pour am &#8230;<\/a>&nbsp;&middot;&nbsp;<a href=\"https:\/\/www.montagnesnoiresvtt.fr\/?page_id=525&#038;view=topic&#038;id=77#postid-569\">il y a 8 ans <\/a>&nbsp;&middot;&nbsp;<a class=\"profile-link highlight-admin\" href=\"#\">PearLarvor<\/a><\/small><\/div><div class=\"forum-poster\"><div class=\"forum-poster-avatar\"><img alt='' src='https:\/\/secure.gravatar.com\/avatar\/99c00063bffd0a9e7342fcfc9207a8b14a85028da27f5c06d3b8e88b14a87a21?s=40&#038;d=mm&#038;r=g' srcset='https:\/\/secure.gravatar.com\/avatar\/99c00063bffd0a9e7342fcfc9207a8b14a85028da27f5c06d3b8e88b14a87a21?s=80&#038;d=mm&#038;r=g 2x' class='avatar avatar-40 photo' height='40' width='40' \/><\/div><div class=\"forum-poster-summary\"><a href=\"https:\/\/www.montagnesnoiresvtt.fr\/?page_id=525&#038;view=topic&#038;id=77#postid-569\">SlowMotion avec Smartphon &#8230;<\/a><br><small><a href=\"https:\/\/www.montagnesnoiresvtt.fr\/?page_id=525&#038;view=topic&#038;id=77#postid-569\">il y a 8 ans <\/a><span>&nbsp;&middot;&nbsp;<\/span><a class=\"profile-link highlight-admin\" href=\"#\">PearLarvor<\/a><\/small><\/div><\/div><\/div><div class=\"content-element forum\" id=\"forum-10\"><div class=\"forum-status unread\"><i class=\"fas fa-comments\"><\/i><\/div><div class=\"forum-name\"><a class=\"forum-title\" href=\"https:\/\/www.montagnesnoiresvtt.fr\/?page_id=525&#038;view=forum&#038;id=10\">La Caisse<\/a><small class=\"forum-description\">L&#039;endurance, la puissance, l&#039;amour gloire et beaut\u00e9 ...<\/small><small class=\"forum-stats\">1 sujet&nbsp;&middot;&nbsp;2 messages<\/small><small class=\"forum-lastpost-small\">Dernier article\u00a0:&nbsp;<a href=\"https:\/\/www.montagnesnoiresvtt.fr\/?page_id=525&#038;view=topic&#038;id=41#postid-275\">L&#039;ENTRAINEMENT EN PERIODE HIVERNAL &#8230;<\/a>&nbsp;&middot;&nbsp;<a href=\"https:\/\/www.montagnesnoiresvtt.fr\/?page_id=525&#038;view=topic&#038;id=41#postid-275\">il y a 8 ans <\/a>&nbsp;&middot;&nbsp;<a class=\"profile-link highlight-admin\" href=\"#\">PearLarvor<\/a><\/small><\/div><div class=\"forum-poster\"><div class=\"forum-poster-avatar\"><img alt='' src='https:\/\/secure.gravatar.com\/avatar\/99c00063bffd0a9e7342fcfc9207a8b14a85028da27f5c06d3b8e88b14a87a21?s=40&#038;d=mm&#038;r=g' srcset='https:\/\/secure.gravatar.com\/avatar\/99c00063bffd0a9e7342fcfc9207a8b14a85028da27f5c06d3b8e88b14a87a21?s=80&#038;d=mm&#038;r=g 2x' class='avatar avatar-40 photo' height='40' width='40' \/><\/div><div class=\"forum-poster-summary\"><a href=\"https:\/\/www.montagnesnoiresvtt.fr\/?page_id=525&#038;view=topic&#038;id=41#postid-275\">L&#039;ENTRAINEMENT EN PERIODE &#8230;<\/a><br><small><a href=\"https:\/\/www.montagnesnoiresvtt.fr\/?page_id=525&#038;view=topic&#038;id=41#postid-275\">il y a 8 ans <\/a><span>&nbsp;&middot;&nbsp;<\/span><a class=\"profile-link highlight-admin\" href=\"#\">PearLarvor<\/a><\/small><\/div><\/div><\/div><\/div><div class=\"title-element\" id=\"forum-category-11\">Le Matos - Axe de 30 ? Fourche de 40, c&#039;est ici qu&#039;on en parle ...<span class=\"last-post-headline\">Dernier message\u202f:<\/span><\/div><div class=\"content-container\"><div class=\"content-element forum\" id=\"forum-7\"><div class=\"forum-status unread\"><i class=\"fas fa-comments\"><\/i><\/div><div class=\"forum-name\"><a class=\"forum-title\" href=\"https:\/\/www.montagnesnoiresvtt.fr\/?page_id=525&#038;view=forum&#038;id=7\">Nouveaut\u00e9s &amp; Bons Plans<\/a><small class=\"forum-description\">Inutile de d\u00e9crire ceci ...<\/small><small class=\"forum-stats\">12 sujets&nbsp;&middot;&nbsp;16 messages<\/small><small class=\"forum-lastpost-small\">Dernier article\u00a0:&nbsp;<a href=\"https:\/\/www.montagnesnoiresvtt.fr\/?page_id=525&#038;view=topic&#038;id=123#postid-875\">Home trainer<\/a>&nbsp;&middot;&nbsp;<a href=\"https:\/\/www.montagnesnoiresvtt.fr\/?page_id=525&#038;view=topic&#038;id=123#postid-875\">il y a 7 ans <\/a>&nbsp;&middot;&nbsp;<a class=\"profile-link highlight-default\" href=\"#\">jovel<\/a><\/small><\/div><div class=\"forum-poster\"><div class=\"forum-poster-avatar\"><img alt='' src='https:\/\/secure.gravatar.com\/avatar\/65f79b5d761df7b57de39d23844a3b8818fc93ffa0969681ce1cbcb87a06a580?s=40&#038;d=mm&#038;r=g' srcset='https:\/\/secure.gravatar.com\/avatar\/65f79b5d761df7b57de39d23844a3b8818fc93ffa0969681ce1cbcb87a06a580?s=80&#038;d=mm&#038;r=g 2x' class='avatar avatar-40 photo' height='40' width='40' \/><\/div><div class=\"forum-poster-summary\"><a href=\"https:\/\/www.montagnesnoiresvtt.fr\/?page_id=525&#038;view=topic&#038;id=123#postid-875\">Home trainer<\/a><br><small><a href=\"https:\/\/www.montagnesnoiresvtt.fr\/?page_id=525&#038;view=topic&#038;id=123#postid-875\">il y a 7 ans <\/a><span>&nbsp;&middot;&nbsp;<\/span><a class=\"profile-link highlight-default\" href=\"#\">jovel<\/a><\/small><\/div><\/div><\/div><div class=\"content-element forum\" id=\"forum-6\"><div class=\"forum-status unread\"><i class=\"fas fa-comments\"><\/i><\/div><div class=\"forum-name\"><a class=\"forum-title\" href=\"https:\/\/www.montagnesnoiresvtt.fr\/?page_id=525&#038;view=forum&#038;id=6\">L&#039;entretien<\/a><small class=\"forum-description\">C&#039;est l&#039;autre partie de plaisir ...<\/small><small class=\"forum-stats\">1 sujet&nbsp;&middot;&nbsp;5 messages<\/small><small class=\"forum-lastpost-small\">Dernier article\u00a0:&nbsp;<a href=\"https:\/\/www.montagnesnoiresvtt.fr\/?page_id=525&#038;view=topic&#038;id=6#postid-24\">Lutter contre l&#039;usure, l&#039;apr\u00e8s bou &#8230;<\/a>&nbsp;&middot;&nbsp;<a href=\"https:\/\/www.montagnesnoiresvtt.fr\/?page_id=525&#038;view=topic&#038;id=6#postid-24\">il y a 9 ans <\/a>&nbsp;&middot;&nbsp;<a class=\"profile-link highlight-admin\" href=\"#\">Marc Jouanneau<\/a><\/small><\/div><div class=\"forum-poster\"><div class=\"forum-poster-avatar\"><img alt='' src='https:\/\/secure.gravatar.com\/avatar\/e7eeca863a477013ed00b85b96f90f297b832206e600281429a4f08fd391a8a3?s=40&#038;d=mm&#038;r=g' srcset='https:\/\/secure.gravatar.com\/avatar\/e7eeca863a477013ed00b85b96f90f297b832206e600281429a4f08fd391a8a3?s=80&#038;d=mm&#038;r=g 2x' class='avatar avatar-40 photo' height='40' width='40' \/><\/div><div class=\"forum-poster-summary\"><a href=\"https:\/\/www.montagnesnoiresvtt.fr\/?page_id=525&#038;view=topic&#038;id=6#postid-24\">Lutter contre l&#039;usure, l&#039; &#8230;<\/a><br><small><a href=\"https:\/\/www.montagnesnoiresvtt.fr\/?page_id=525&#038;view=topic&#038;id=6#postid-24\">il y a 9 ans <\/a><span>&nbsp;&middot;&nbsp;<\/span><a class=\"profile-link highlight-admin\" href=\"#\">Marc Jouanneau<\/a><\/small><\/div><\/div><\/div><div class=\"content-element forum\" id=\"forum-4\"><div class=\"forum-status unread\"><i class=\"fas fa-comments\"><\/i><\/div><div class=\"forum-name\"><a class=\"forum-title\" href=\"https:\/\/www.montagnesnoiresvtt.fr\/?page_id=525&#038;view=forum&#038;id=4\">Achats<\/a><small class=\"forum-description\">Fi\u00e8vre acheteuse ? Par ici ...<\/small><small class=\"forum-stats\">6 sujets&nbsp;&middot;&nbsp;8 messages<\/small><small class=\"forum-lastpost-small\">Dernier article\u00a0:&nbsp;<a href=\"https:\/\/www.montagnesnoiresvtt.fr\/?page_id=525&#038;view=topic&#038;id=62#postid-458\">Radio VHF (Talkie-Walkies)<\/a>&nbsp;&middot;&nbsp;<a href=\"https:\/\/www.montagnesnoiresvtt.fr\/?page_id=525&#038;view=topic&#038;id=62#postid-458\">il y a 8 ans <\/a>&nbsp;&middot;&nbsp;<a class=\"profile-link highlight-admin\" href=\"#\">PearLarvor<\/a><\/small><\/div><div class=\"forum-poster\"><div class=\"forum-poster-avatar\"><img alt='' src='https:\/\/secure.gravatar.com\/avatar\/99c00063bffd0a9e7342fcfc9207a8b14a85028da27f5c06d3b8e88b14a87a21?s=40&#038;d=mm&#038;r=g' srcset='https:\/\/secure.gravatar.com\/avatar\/99c00063bffd0a9e7342fcfc9207a8b14a85028da27f5c06d3b8e88b14a87a21?s=80&#038;d=mm&#038;r=g 2x' class='avatar avatar-40 photo' height='40' width='40' \/><\/div><div class=\"forum-poster-summary\"><a href=\"https:\/\/www.montagnesnoiresvtt.fr\/?page_id=525&#038;view=topic&#038;id=62#postid-458\">Radio VHF (Talkie-Walkies &#8230;<\/a><br><small><a href=\"https:\/\/www.montagnesnoiresvtt.fr\/?page_id=525&#038;view=topic&#038;id=62#postid-458\">il y a 8 ans <\/a><span>&nbsp;&middot;&nbsp;<\/span><a class=\"profile-link highlight-admin\" href=\"#\">PearLarvor<\/a><\/small><\/div><\/div><\/div><div class=\"content-element forum\" id=\"forum-5\"><div class=\"forum-status unread\"><i class=\"fas fa-comments\"><\/i><\/div><div class=\"forum-name\"><a class=\"forum-title\" href=\"https:\/\/www.montagnesnoiresvtt.fr\/?page_id=525&#038;view=forum&#038;id=5\">Ventes<\/a><small class=\"forum-description\">Vide garage, Mme R\u00e2le, par ici ...<\/small><small class=\"forum-stats\">2 sujets&nbsp;&middot;&nbsp;3 messages<\/small><small class=\"forum-lastpost-small\">Dernier article\u00a0:&nbsp;<a href=\"https:\/\/www.montagnesnoiresvtt.fr\/?page_id=525&#038;view=topic&#038;id=27#postid-168\">Casque<\/a>&nbsp;&middot;&nbsp;<a href=\"https:\/\/www.montagnesnoiresvtt.fr\/?page_id=525&#038;view=topic&#038;id=27#postid-168\">il y a 8 ans <\/a>&nbsp;&middot;&nbsp;<a class=\"profile-link highlight-admin\" href=\"#\">PearLarvor<\/a><\/small><\/div><div class=\"forum-poster\"><div class=\"forum-poster-avatar\"><img alt='' src='https:\/\/secure.gravatar.com\/avatar\/99c00063bffd0a9e7342fcfc9207a8b14a85028da27f5c06d3b8e88b14a87a21?s=40&#038;d=mm&#038;r=g' srcset='https:\/\/secure.gravatar.com\/avatar\/99c00063bffd0a9e7342fcfc9207a8b14a85028da27f5c06d3b8e88b14a87a21?s=80&#038;d=mm&#038;r=g 2x' class='avatar avatar-40 photo' height='40' width='40' \/><\/div><div class=\"forum-poster-summary\"><a href=\"https:\/\/www.montagnesnoiresvtt.fr\/?page_id=525&#038;view=topic&#038;id=27#postid-168\">Casque<\/a><br><small><a href=\"https:\/\/www.montagnesnoiresvtt.fr\/?page_id=525&#038;view=topic&#038;id=27#postid-168\">il y a 8 ans <\/a><span>&nbsp;&middot;&nbsp;<\/span><a class=\"profile-link highlight-admin\" href=\"#\">PearLarvor<\/a><\/small><\/div><\/div><\/div><\/div><div class=\"title-element\" id=\"forum-category-10\">Le Comptoir - Discussion en tout genres ...<span class=\"last-post-headline\">Dernier message\u202f:<\/span><\/div><div class=\"content-container\"><div class=\"content-element forum\" id=\"forum-8\"><div class=\"forum-status unread\"><i class=\"fas fa-comments\"><\/i><\/div><div class=\"forum-name\"><a class=\"forum-title\" href=\"https:\/\/www.montagnesnoiresvtt.fr\/?page_id=525&#038;view=forum&#038;id=8\">Comme au bar des sports<\/a><small class=\"forum-description\">Un chti canon ...<\/small><small class=\"forum-stats\">9 sujets&nbsp;&middot;&nbsp;20 messages<\/small><small class=\"forum-lastpost-small\">Dernier article\u00a0:&nbsp;<a href=\"https:\/\/www.montagnesnoiresvtt.fr\/?page_id=525&#038;view=topic&#038;id=75#postid-772\">WTF<\/a>&nbsp;&middot;&nbsp;<a href=\"https:\/\/www.montagnesnoiresvtt.fr\/?page_id=525&#038;view=topic&#038;id=75#postid-772\">il y a 8 ans <\/a>&nbsp;&middot;&nbsp;<a class=\"profile-link highlight-default\" href=\"#\">jovel<\/a><\/small><\/div><div class=\"forum-poster\"><div class=\"forum-poster-avatar\"><img alt='' src='https:\/\/secure.gravatar.com\/avatar\/65f79b5d761df7b57de39d23844a3b8818fc93ffa0969681ce1cbcb87a06a580?s=40&#038;d=mm&#038;r=g' srcset='https:\/\/secure.gravatar.com\/avatar\/65f79b5d761df7b57de39d23844a3b8818fc93ffa0969681ce1cbcb87a06a580?s=80&#038;d=mm&#038;r=g 2x' class='avatar avatar-40 photo' height='40' width='40' \/><\/div><div class=\"forum-poster-summary\"><a href=\"https:\/\/www.montagnesnoiresvtt.fr\/?page_id=525&#038;view=topic&#038;id=75#postid-772\">WTF<\/a><br><small><a href=\"https:\/\/www.montagnesnoiresvtt.fr\/?page_id=525&#038;view=topic&#038;id=75#postid-772\">il y a 8 ans <\/a><span>&nbsp;&middot;&nbsp;<\/span><a class=\"profile-link highlight-default\" href=\"#\">jovel<\/a><\/small><\/div><\/div><\/div><div class=\"content-element forum\" id=\"forum-12\"><div class=\"forum-status unread\"><i class=\"fas fa-comments\"><\/i><\/div><div class=\"forum-name\"><a class=\"forum-title\" href=\"https:\/\/www.montagnesnoiresvtt.fr\/?page_id=525&#038;view=forum&#038;id=12\">Vid\u00e9o<\/a><small class=\"forum-description\">Le coin des studieux de la boite \u00e0 image<\/small><small class=\"forum-stats\">4 sujets&nbsp;&middot;&nbsp;28 messages<\/small><small class=\"forum-lastpost-small\">Dernier article\u00a0:&nbsp;<a href=\"https:\/\/www.montagnesnoiresvtt.fr\/?page_id=525&#038;view=topic&#038;id=40&#038;part=2#postid-788\">VIDEO DU NET<\/a>&nbsp;&middot;&nbsp;<a href=\"https:\/\/www.montagnesnoiresvtt.fr\/?page_id=525&#038;view=topic&#038;id=40&#038;part=2#postid-788\">il y a 8 ans <\/a>&nbsp;&middot;&nbsp;<a class=\"profile-link highlight-default\" href=\"#\">jovel<\/a><\/small><\/div><div class=\"forum-poster\"><div class=\"forum-poster-avatar\"><img alt='' src='https:\/\/secure.gravatar.com\/avatar\/65f79b5d761df7b57de39d23844a3b8818fc93ffa0969681ce1cbcb87a06a580?s=40&#038;d=mm&#038;r=g' srcset='https:\/\/secure.gravatar.com\/avatar\/65f79b5d761df7b57de39d23844a3b8818fc93ffa0969681ce1cbcb87a06a580?s=80&#038;d=mm&#038;r=g 2x' class='avatar avatar-40 photo' height='40' width='40' \/><\/div><div class=\"forum-poster-summary\"><a href=\"https:\/\/www.montagnesnoiresvtt.fr\/?page_id=525&#038;view=topic&#038;id=40&#038;part=2#postid-788\">VIDEO DU NET<\/a><br><small><a href=\"https:\/\/www.montagnesnoiresvtt.fr\/?page_id=525&#038;view=topic&#038;id=40&#038;part=2#postid-788\">il y a 8 ans <\/a><span>&nbsp;&middot;&nbsp;<\/span><a class=\"profile-link highlight-default\" href=\"#\">jovel<\/a><\/small><\/div><\/div><\/div><\/div><div id=\"read-unread\"><span class=\"indicator unread\"><\/span><span class=\"indicator-label\">Nouvelles publications<\/span><span class=\"indicator read\"><\/span><span class=\"indicator-label\">Rien de nouveau<\/span><span class=\"indicator-label\"><span class=\"fas fa-check\"><\/span><a href=\"https:\/\/www.montagnesnoiresvtt.fr\/?page_id=525&#038;view=markallread&#038;_wpnonce=e323326ee0\">Tout marquer comme lu<\/a><\/span><span class=\"indicator-label\"><span class=\"fas fa-history\"><\/span><a href=\"https:\/\/www.montagnesnoiresvtt.fr\/?page_id=525&#038;view=unread\">Afficher les sujets non lus<\/a><\/span><div class=\"clear\"><\/div><\/div><div id=\"statistics\"><div class=\"title-element title-element-dark\"><span class=\"title-element-icon fas fa-chart-pie\"><\/span>Statistiques<\/div><div id=\"statistics-body\"><div id=\"statistics-elements\"><div class=\"statistics-element\"><div class=\"element-number\"><span class=\"statistics-element-icon far fa-comments\"><\/span>150<\/div><div class=\"element-name\">Sujets<\/div><\/div><div class=\"statistics-element\"><div class=\"element-number\"><span class=\"statistics-element-icon far fa-comment\"><\/span>654<\/div><div class=\"element-name\">Messages<\/div><\/div><div class=\"statistics-element\"><div class=\"element-number\"><span class=\"statistics-element-icon far fa-eye\"><\/span>5\u00a0454<\/div><div class=\"element-name\">Vues<\/div><\/div><div class=\"statistics-element\"><div class=\"element-number\"><span class=\"statistics-element-icon far fa-user\"><\/span>21<\/div><div class=\"element-name\">Utilisateurs<\/div><\/div><div class=\"statistics-element\"><div class=\"element-number\"><span class=\"statistics-element-icon far fa-lightbulb\"><\/span>0<\/div><div class=\"element-name\">En ligne<\/div><\/div><\/div><div id=\"statistics-online-users\"><span class=\"online-users-icon fas fa-user\"><\/span>Membre le plus r\u00e9cent\u00a0:&nbsp;<i><a class=\"profile-link highlight-default\" href=\"#\">Etienne Flochlay<\/a><\/i>&nbsp;&middot;&nbsp;<span class=\"online-users-icon fas fa-users\"><\/span><i>Personne n\u2019est actuellement en ligne.<\/i><\/div><\/div><div class=\"clear\"><\/div><\/div><div id=\"bottom-navigation\"><\/div><div class=\"clear\"><\/div><\/div>\n","protected":false},"excerpt":{"rendered":"","protected":false},"author":2,"featured_media":0,"parent":0,"menu_order":0,"comment_status":"closed","ping_status":"closed","template":"","meta":{"footnotes":""},"class_list":["post-525","page","type-page","status-publish","hentry"],"_links":{"self":[{"href":"https:\/\/www.montagnesnoiresvtt.fr\/index.php?rest_route=\/wp\/v2\/pages\/525","targetHints":{"allow":["GET"]}}],"collection":[{"href":"https:\/\/www.montagnesnoiresvtt.fr\/index.php?rest_route=\/wp\/v2\/pages"}],"about":[{"href":"https:\/\/www.montagnesnoiresvtt.fr\/index.php?rest_route=\/wp\/v2\/types\/page"}],"author":[{"embeddable":true,"href":"https:\/\/www.montagnesnoiresvtt.fr\/index.php?rest_route=\/wp\/v2\/users\/2"}],"replies":[{"embeddable":true,"href":"https:\/\/www.montagnesnoiresvtt.fr\/index.php?rest_route=%2Fwp%2Fv2%2Fcomments&post=525"}],"version-history":[{"count":3,"href":"https:\/\/www.montagnesnoiresvtt.fr\/index.php?rest_route=\/wp\/v2\/pages\/525\/revisions"}],"predecessor-version":[{"id":1530,"href":"https:\/\/www.montagnesnoiresvtt.fr\/index.php?rest_route=\/wp\/v2\/pages\/525\/revisions\/1530"}],"wp:attachment":[{"href":"https:\/\/www.montagnesnoiresvtt.fr\/index.php?rest_route=%2Fwp%2Fv2%2Fmedia&parent=525"}],"curies":[{"name":"wp","href":"https:\/\/api.w.org\/{rel}","templated":true}]}}