{"id":49,"date":"2017-10-07T19:51:58","date_gmt":"2017-10-07T17:51:58","guid":{"rendered":"http:\/\/www.montagnesnoiresvtt.fr\/?page_id=49"},"modified":"2018-03-22T21:08:16","modified_gmt":"2018-03-22T20:08:16","slug":"lennon-2018","status":"publish","type":"page","link":"https:\/\/www.montagnesnoiresvtt.fr\/?page_id=49","title":{"rendered":"Lennon 2018"},"content":{"rendered":"<p><img loading=\"lazy\" decoding=\"async\" class=\"alignnone size-full wp-image-648\" src=\"http:\/\/www.montagnesnoiresvtt.fr\/wp-content\/uploads\/2018\/03\/mnvtt-affiche-lennon-2018_officielle_def.png\" alt=\"\" width=\"568\" height=\"800\" srcset=\"https:\/\/www.montagnesnoiresvtt.fr\/wp-content\/uploads\/2018\/03\/mnvtt-affiche-lennon-2018_officielle_def.png 568w, https:\/\/www.montagnesnoiresvtt.fr\/wp-content\/uploads\/2018\/03\/mnvtt-affiche-lennon-2018_officielle_def-454x640.png 454w\" sizes=\"auto, (max-width: 568px) 100vw, 568px\" \/><\/p>\n<p>Avec au programme <span class=\"text_exposed_show\">5 parcours VTT de 17 \u00e0 52 km et 2 parcours marche 6 et 13 km, sur la commune de Lennon (29) \u00e0 20 minutes de Carhaix-Plouguer, 20 minutes de Ch\u00e2teaulin, 1\/2 h de Quimper et 45 minutes de Brest.<br \/>\nN&rsquo;h\u00e9site pas \u00e0 venir nous rendre visite, vous ne regretterez pas le d\u00e9placement. <\/span><\/p>\n<p>&nbsp;<\/p>\n","protected":false},"excerpt":{"rendered":"<p>Avec au programme 5 parcours VTT de 17 \u00e0 52 km et 2 parcours marche 6 et 13 km, sur la commune de Lennon (29) <a href=\"https:\/\/www.montagnesnoiresvtt.fr\/?page_id=49\">Lire la suite &#8230;<\/a><\/p>\n","protected":false},"author":2,"featured_media":0,"parent":0,"menu_order":0,"comment_status":"closed","ping_status":"closed","template":"","meta":{"footnotes":""},"class_list":["post-49","page","type-page","status-publish","hentry"],"_links":{"self":[{"href":"https:\/\/www.montagnesnoiresvtt.fr\/index.php?rest_route=\/wp\/v2\/pages\/49","targetHints":{"allow":["GET"]}}],"collection":[{"href":"https:\/\/www.montagnesnoiresvtt.fr\/index.php?rest_route=\/wp\/v2\/pages"}],"about":[{"href":"https:\/\/www.montagnesnoiresvtt.fr\/index.php?rest_route=\/wp\/v2\/types\/page"}],"author":[{"embeddable":true,"href":"https:\/\/www.montagnesnoiresvtt.fr\/index.php?rest_route=\/wp\/v2\/users\/2"}],"replies":[{"embeddable":true,"href":"https:\/\/www.montagnesnoiresvtt.fr\/index.php?rest_route=%2Fwp%2Fv2%2Fcomments&post=49"}],"version-history":[{"count":14,"href":"https:\/\/www.montagnesnoiresvtt.fr\/index.php?rest_route=\/wp\/v2\/pages\/49\/revisions"}],"predecessor-version":[{"id":695,"href":"https:\/\/www.montagnesnoiresvtt.fr\/index.php?rest_route=\/wp\/v2\/pages\/49\/revisions\/695"}],"wp:attachment":[{"href":"https:\/\/www.montagnesnoiresvtt.fr\/index.php?rest_route=%2Fwp%2Fv2%2Fmedia&parent=49"}],"curies":[{"name":"wp","href":"https:\/\/api.w.org\/{rel}","templated":true}]}}