{"id":235,"date":"2017-10-20T16:14:45","date_gmt":"2017-10-20T14:14:45","guid":{"rendered":"http:\/\/www.montagnesnoiresvtt.fr\/?page_id=235"},"modified":"2025-03-04T13:41:46","modified_gmt":"2025-03-04T12:41:46","slug":"presentation","status":"publish","type":"page","link":"https:\/\/www.montagnesnoiresvtt.fr\/?page_id=235","title":{"rendered":"Montagnes Noires &#8211; V.T.T. (Ar Menez Du &#8211; V.T.T.)"},"content":{"rendered":"<h2><span style=\"font-family: Century Gothic,Segoe UI,sans-serif;\">\u00a0<\/span><\/h2>\n<p>Montagnes noires VTT&#8230;, en quelques mots&#8230;<br \/>\nC&rsquo;est au coeur du\u00a0 massif\u00a0 qui s&rsquo;\u00e9tend\u00a0 de Glomel aux portes de l&rsquo;Oc\u00e9an , que le club \u00ab\u00a0Montagnes Noires VTT\u00a0\u00bb est n\u00e9,en 2005\u00a0 \u00e0 l&rsquo;initiative de v\u00e9t\u00e9tistes qui se r\u00e9unissaient depuis plusieurs ann\u00e9es autour d&rsquo;une m\u00eame passion.<br \/>\nLes ma\u00eetres d&rsquo;oeuvre, toujours pr\u00e9sents ( \u00e7a conserve !!!) et\u00a0 passionn\u00e9s , se retrouvent pour cette activit\u00e9 sportive, tous les dimanches,\u00a0 autour d&rsquo;une vingtaine d&rsquo;adh\u00e9rents.<br \/>\nIl y a bien s\u00fbr les bienfaits apport\u00e9s par cette activit\u00e9, le plaisir\u00a0 de se surpasser *, mais aussi la tr\u00e8s grande satisfaction d&rsquo;arpenter en groupe les chemins, de se laisser surprendre par les secrets\u00a0 \u00a0et surprises( culturelles, naturelles) que peuvent\u00a0 offrir ce magnifique massif des Montagnes Noires.<br \/>\nLe club est affili\u00e9 \u00e0 <a href=\"https:\/\/ffvelo.fr\/\">La F\u00e9d\u00e9ration Fran\u00e7aise de Cyclotourisme ( FFV\u00e9lo )<\/a>\u00a0 , ce qui nous garantit de\u00a0 l&rsquo;accompagnement technique, aides logistiques&#8230;<br \/>\nImpliqu\u00e9 dans la vie locale,( t\u00e9l\u00e9thon, accompagnement randos l&rsquo;\u00e9t\u00e9 en lien avec le Village Vacances de Ch\u00e2teauneuf du Faou&#8230;) , le club est aujourd&rsquo;hui un acteur et un\u00a0 f\u00e9d\u00e9rateur\u00a0 important sur les communes de Saint Thois, de Ch\u00e2teauneuf du Faou et des alentours.<br \/>\nLa force de ce club repose sur l&rsquo;\u00e9nergie d&rsquo;adh\u00e9rents qui tous les deux ans fa\u00e7onnent et pr\u00e9parent la randonn\u00e9e\u00a0 bi annuelle sur les communes de Saint Thois et de Lennon.<br \/>\nEn outre, le club participe activement \u00e0 l&rsquo;organisation du \u00ab\u00a0Roc&rsquo;h des Monts d&rsquo;Arr\u00e9es\u00a0\u00bb, grand moment de rassemblement de v\u00e9t\u00e9tistes ( plus de 5000 en 2017).<\/p>\n<p>Le club est ouvert \u00e0 tous, du simple d\u00e9butant au v\u00e9t\u00e9tiste exp\u00e9riment\u00e9.<\/p>\n<p>* Contre -indications m\u00e9dicales : Demandez \u00e0 votre m\u00e9decin !<\/p>\n<p><a href=\"http:\/\/www.montagnesnoiresvtt.fr\/?page_id=49\">Prochaine Rando: Le dimanche 6 Avril 2025<\/a><\/p>\n","protected":false},"excerpt":{"rendered":"<p>\u00a0 Montagnes noires VTT&#8230;, en quelques mots&#8230; C&rsquo;est au coeur du\u00a0 massif\u00a0 qui s&rsquo;\u00e9tend\u00a0 de Glomel aux portes de l&rsquo;Oc\u00e9an , que le club \u00ab\u00a0Montagnes <a href=\"https:\/\/www.montagnesnoiresvtt.fr\/?page_id=235\">Lire la suite &#8230;<\/a><\/p>\n","protected":false},"author":2,"featured_media":0,"parent":0,"menu_order":0,"comment_status":"closed","ping_status":"closed","template":"","meta":{"footnotes":""},"class_list":["post-235","page","type-page","status-publish","hentry"],"_links":{"self":[{"href":"https:\/\/www.montagnesnoiresvtt.fr\/index.php?rest_route=\/wp\/v2\/pages\/235","targetHints":{"allow":["GET"]}}],"collection":[{"href":"https:\/\/www.montagnesnoiresvtt.fr\/index.php?rest_route=\/wp\/v2\/pages"}],"about":[{"href":"https:\/\/www.montagnesnoiresvtt.fr\/index.php?rest_route=\/wp\/v2\/types\/page"}],"author":[{"embeddable":true,"href":"https:\/\/www.montagnesnoiresvtt.fr\/index.php?rest_route=\/wp\/v2\/users\/2"}],"replies":[{"embeddable":true,"href":"https:\/\/www.montagnesnoiresvtt.fr\/index.php?rest_route=%2Fwp%2Fv2%2Fcomments&post=235"}],"version-history":[{"count":18,"href":"https:\/\/www.montagnesnoiresvtt.fr\/index.php?rest_route=\/wp\/v2\/pages\/235\/revisions"}],"predecessor-version":[{"id":1926,"href":"https:\/\/www.montagnesnoiresvtt.fr\/index.php?rest_route=\/wp\/v2\/pages\/235\/revisions\/1926"}],"wp:attachment":[{"href":"https:\/\/www.montagnesnoiresvtt.fr\/index.php?rest_route=%2Fwp%2Fv2%2Fmedia&parent=235"}],"curies":[{"name":"wp","href":"https:\/\/api.w.org\/{rel}","templated":true}]}}