{"id":1943,"date":"2025-03-21T12:06:01","date_gmt":"2025-03-21T11:06:01","guid":{"rendered":"https:\/\/www.montagnesnoiresvtt.fr\/?page_id=1943"},"modified":"2025-03-21T12:06:01","modified_gmt":"2025-03-21T11:06:01","slug":"liens","status":"publish","type":"page","link":"https:\/\/www.montagnesnoiresvtt.fr\/?page_id=1943","title":{"rendered":"Liens"},"content":{"rendered":"\n<p><a href=\"https:\/\/ffvelo.fr\">https:\/\/ffvelo.fr<\/a> &#8211; notre f\u00e9d\u00e9ration v\u00e9lo<\/p>\n\n\n\n<p><a href=\"https:\/\/www.lesroch.org\/\">https:\/\/www.lesroch.org\/<\/a> &#8211; nous sommes club organisateurs alors un peu de r\u00e9clame ne fait pas de mal !<\/p>\n\n\n\n<p><a href=\"https:\/\/vttenfinistere.fr\/\">https:\/\/vttenfinistere.fr\/<\/a> &#8211; si vous cherchez les bases VTT et les parcours permanents (GPX) c&rsquo;est par ici !<\/p>\n\n\n\n<p><a href=\"https:\/\/sentinelles.sportsdenature.fr\/\">https:\/\/sentinelles.sportsdenature.fr\/<\/a> &#8211; r\u00e9seau Suricate, vous trouvez un probl\u00e8me sur un parcours ou piste cyclable, d\u00e9clarez le !<\/p>\n\n\n\n<p><\/p>\n","protected":false},"excerpt":{"rendered":"<p>https:\/\/ffvelo.fr &#8211; notre f\u00e9d\u00e9ration v\u00e9lo https:\/\/www.lesroch.org\/ &#8211; nous sommes club organisateurs alors un peu de r\u00e9clame ne fait pas de mal ! https:\/\/vttenfinistere.fr\/ &#8211; si <a href=\"https:\/\/www.montagnesnoiresvtt.fr\/?page_id=1943\">Lire la suite &#8230;<\/a><\/p>\n","protected":false},"author":3,"featured_media":0,"parent":0,"menu_order":0,"comment_status":"closed","ping_status":"closed","template":"","meta":{"footnotes":""},"class_list":["post-1943","page","type-page","status-publish","hentry"],"_links":{"self":[{"href":"https:\/\/www.montagnesnoiresvtt.fr\/index.php?rest_route=\/wp\/v2\/pages\/1943","targetHints":{"allow":["GET"]}}],"collection":[{"href":"https:\/\/www.montagnesnoiresvtt.fr\/index.php?rest_route=\/wp\/v2\/pages"}],"about":[{"href":"https:\/\/www.montagnesnoiresvtt.fr\/index.php?rest_route=\/wp\/v2\/types\/page"}],"author":[{"embeddable":true,"href":"https:\/\/www.montagnesnoiresvtt.fr\/index.php?rest_route=\/wp\/v2\/users\/3"}],"replies":[{"embeddable":true,"href":"https:\/\/www.montagnesnoiresvtt.fr\/index.php?rest_route=%2Fwp%2Fv2%2Fcomments&post=1943"}],"version-history":[{"count":1,"href":"https:\/\/www.montagnesnoiresvtt.fr\/index.php?rest_route=\/wp\/v2\/pages\/1943\/revisions"}],"predecessor-version":[{"id":1944,"href":"https:\/\/www.montagnesnoiresvtt.fr\/index.php?rest_route=\/wp\/v2\/pages\/1943\/revisions\/1944"}],"wp:attachment":[{"href":"https:\/\/www.montagnesnoiresvtt.fr\/index.php?rest_route=%2Fwp%2Fv2%2Fmedia&parent=1943"}],"curies":[{"name":"wp","href":"https:\/\/api.w.org\/{rel}","templated":true}]}}