{"id":1807,"date":"2021-03-03T18:38:28","date_gmt":"2021-03-03T17:38:28","guid":{"rendered":"https:\/\/www.montagnesnoiresvtt.fr\/?page_id=1807"},"modified":"2021-03-03T18:38:29","modified_gmt":"2021-03-03T17:38:29","slug":"rando-marche-et-vtt-du-dimanche-4-avril-2021","status":"publish","type":"page","link":"https:\/\/www.montagnesnoiresvtt.fr\/?page_id=1807","title":{"rendered":"Rando Marche et VTT du Dimanche 4 Avril 2021"},"content":{"rendered":"\n<p><strong>La rando Marche et VTT de St Thois aura elle lieu?<\/strong> <\/p>\n\n\n\n<p class=\"has-text-align-left\">Nous en sommes convaincus. Nous sommes pr\u00eats pour vous l&rsquo;organiser et avons perdu la notion de pessimisme. Sauf avis contraire des autorit\u00e9s, vous pourrez venir vous d\u00e9fouler ce dimanche 4 avril avec les premiers <strong><span style=\"color:#ff0000\" class=\"has-inline-color\">d\u00e9parts libres et \u00e9tal\u00e9s de 8h00 \u00e0 13h00<\/span>; Cl\u00f4ture du circuit \u00e0 17h00<\/strong>. Nous ferons le maximum. En cas d&rsquo;annulation par les autorit\u00e9s, nous l&rsquo;annoncerons sur cette page ainsi que notre page facebook.<\/p>\n\n\n\n<p> <strong><span style=\"color:#ff0000\" class=\"has-inline-color\">&#8212; 500 participants maximum<\/span><\/strong> VTTistes et Marcheurs confondus. <\/p>\n\n\n\n<p><strong><span style=\"color:#ff0303\" class=\"has-inline-color\">&#8212; Regroupements de plus de 6 personnes restent interdits<\/span><\/strong> et verbalisables, ne l&rsquo;oubliez pas.<\/p>\n\n\n\n<p><strong><span style=\"color:#fa0000\" class=\"has-inline-color\">&#8212; Port du masque obligatoire<\/span><\/strong> sur le site de d\u00e9part<\/p>\n\n\n\n<p><strong><span style=\"color:#ff0000\" class=\"has-inline-color\">&#8212; Pas de ravito<\/span><\/strong>, vous \u00eates autonome en Vivre et en Eau<\/p>\n\n\n\n<p><\/p>\n\n\n\n<p><strong>Comment se d\u00e9roule la rando?<\/strong><\/p>\n\n\n\n<p>La rando de St Thois, r\u00e9put\u00e9e pour \u00eatre difficile et technique pour les VTT est divis\u00e9e en 3 types de parcours dont l&rsquo;organisation est effectu\u00e9e pour que les participants des autres parcours ne se croisent et ne se g\u00eanent pas. La nouveaut\u00e9 est ce parcours <strong>\u00ab\u00a0VTT Famille\u00a0\u00bb<\/strong>. Avec les ann\u00e9es, le seul et unique parcours VTT que nous proposions s&rsquo;est durci le rendant inabordable \u00e0 des populations non entrain\u00e9es. Pour cette raison, nous balisons ce circuit suppl\u00e9mentaire et abordable pour des enfants d\u00e8s 11\/12ans. Pour les autres VTTistes, ne vous inqui\u00e9tez pas, \u00e7a va bien se passer.<\/p>\n\n\n\n<p><strong>Particularit\u00e9 COVID d\u00e9parts\/ravitaillements de 2021<\/strong><\/p>\n\n\n\n<p>Avec les \u00e9v\u00e8nements du COVID, inutile de vous pr\u00e9ciser que nous devons aussi nous plier \u00e0 certaines r\u00e8gles. Peu importe votre pratique, vous partez tous, que ce soit VTTistes ou Marcheurs <strong><span class=\"has-inline-color has-blue-color\">en compl\u00e8te autonomie<\/span><\/strong>. <strong><span style=\"color:#ff0000\" class=\"has-inline-color\">Ni vivre ni eau ne seront distribu\u00e9es<\/span><\/strong>. Vous n&rsquo;aurez pas de collation en fin de randonn\u00e9e. Malgr\u00e9 ces mauvaises nouvelles, nous restons pr\u00e9sents pour vous porter assistance. Vous aurez lors de l&rsquo;inscription, des num\u00e9ros de t\u00e9l\u00e9phones de s\u00e9curit\u00e9 et des b\u00e9n\u00e9voles \u00e0 des points strat\u00e9giques. La zone de d\u00e9part sera balis\u00e9e, le port du masque est obligatoire dans cette zone et du gel hydroalcoolique mis \u00e0 votre disposition. Vous cheminerez jusqu&rsquo;\u00e0 la zone de pointage des d\u00e9parts de vos circuits respectifs. Obligatoirement, toutes les inscriptions, limit\u00e9es \u00e0 500 participants seront faites pr\u00e9alablement en ligne en cliquant sur le bouton suivant :<\/p>\n\n\n\t\t\t<iframe\n\t\t\t\tid=\"idIframe\"\n\t\t\t\tsrc=\"https:\/\/www.helloasso.com\/associations\/montagnes-noires-vtt\/evenements\/randonnee-montagnes-noires-vtt-2021\/widget-bouton\"\n\t\t\t\theight=70px\"\t\t\t\twidth=200px\"\t\t\t\tframeborder=\"0\"\n\t\t\t\tloading=\"lazy\"\n\t\t\t\tallowtransparency=\"true\"\n\t\t\t\tonload=\"resizeIframeMessage()\"><\/iframe>\n\n\n\n\n<p><strong>D\u00e9tail des parcours<\/strong><\/p>\n\n\n\n<p>Dans un premier temps le parcours <strong>\u00ab\u00a0Marche\u00a0\u00bb<\/strong>, vous partez en direction du sud-ouest de la commune sur un parcours de 12km et que vous pourrez raccourcir \u00e0 6km si besoin. Sur le 12km, vous passerez par des sentiers parfois techniques aux abords de la chapelle St Laurent et remonterez jusqu&rsquo;\u00e0 la chapelle de La Roche.<\/p>\n\n\n\n<p>Le parcours <strong>\u00ab\u00a0VTT Famille\u00a0\u00bb<\/strong>, a emprunter si vous ne faites du VTT que occasionnellement et\/ou avec vos enfants que vous accompagnerez obligatoirement. Vous pourrez p\u00e9daler avec vos enfants sur des circuits ne pr\u00e9sentant aucunes difficult\u00e9s. N\u00e9anmoins, les enfants les plus fougueux vont profiter de 2 zones de passages techniques pour surprendre leurs parents. Encore une fois, il n&rsquo;y a aucun danger sur ces zones.<\/p>\n\n\n\n<p>Le parcours <strong>\u00ab\u00a0VTT Rider\u00a0\u00bb<\/strong>, nul besoin de le d\u00e9crire. Parcours dont la distance peut aller jusqu&rsquo;\u00e0 35km selon vos conditions. Pour ceux ne connaissant pas St Thois, 35km, c&rsquo;est peu mais ne vous y m\u00e9prenez pas. Nous l&rsquo;avons test\u00e9 et cl\u00f4tur\u00e9 en musculaire \u00e0 bonne allure en 4h00. Les VTTAE l\u2019appr\u00e9cieront sans doute en totalit\u00e9. Le parcours reste physique. A peine 10min apr\u00e8s le d\u00e9part, vous commencez par une nouvelles zone technique. Toutes les difficult\u00e9s sont \u00e9vitables par des contournement pr\u00e9vu et un balisage sp\u00e9cifique est mis en place pour ces franchissements. Vous transiterez ensuite vers les zones habituelles de la rando quelque peu modifi\u00e9es et dont vous connaissez l&rsquo;endurance. La difficult\u00e9 de la rando se situe dans les 15 premiers kilom\u00e8tres. Ensuite, vous aurez des portions roulantes mais votre physique sera certainement bien entam\u00e9. <strong>Pensez fortement aux barres de c\u00e9r\u00e9ales.<\/strong> Ne vous alarmez pas, nous savons mettre des itin\u00e9raires de retour rapide. <\/p>\n\n\n\n<p><strong>Comment s&rsquo;inscrire \u00e0 la rando?<\/strong><\/p>\n\n\n\n<p>Les inscriptions se font <strong>uniquement en ligne<\/strong>. Aucune inscription ne sera faite sur place et ce pour plusieurs raisons. Nous devons dans les conditions actuelles \u00eatre en mesure de limiter le nombre d&rsquo;inscrits. Parmi les inscrits, sur demande des autorit\u00e9s, nous devons aussi \u00eatre capable de fournir votre identit\u00e9 et un moyen de vous contacter.<\/p>\n\n\n\n<p>Cliquez pour vous inscrire: <\/p>\n\n\n\t\t\t<iframe\n\t\t\t\tid=\"idIframe\"\n\t\t\t\tsrc=\"https:\/\/www.helloasso.com\/associations\/montagnes-noires-vtt\/evenements\/randonnee-montagnes-noires-vtt-2021\/widget-bouton\"\n\t\t\t\theight=70px\"\t\t\t\twidth=200px\"\t\t\t\tframeborder=\"0\"\n\t\t\t\tloading=\"lazy\"\n\t\t\t\tallowtransparency=\"true\"\n\t\t\t\tonload=\"resizeIframeMessage()\"><\/iframe>\n\n\n\n\n<p><strong>En cas d&rsquo;annulation, serez vous rembours\u00e9?<\/strong><\/p>\n\n\n\n<p>Bien sur, le site partenaire que nous avons choisi propose gratuitement cette possibilit\u00e9. C&rsquo;\u00e9tait aussi l&rsquo;un de nos souhaits. Que vous puissiez vous inscrire librement et que nous puissions vous rembourser sans dommage. En revanche, en cas d&rsquo;absence de votre part dont nous n&rsquo;en serons pas responsable, il ne sera pas effectuer de remboursement.<\/p>\n\n\n\n<p>Nous croisons les doigts et rendez vous au Dimanche 4 Avril.<\/p>\n","protected":false},"excerpt":{"rendered":"<p>La rando Marche et VTT de St Thois aura elle lieu? Nous en sommes convaincus. Nous sommes pr\u00eats pour vous l&rsquo;organiser et avons perdu la <a href=\"https:\/\/www.montagnesnoiresvtt.fr\/?page_id=1807\">Lire la suite &#8230;<\/a><\/p>\n","protected":false},"author":2,"featured_media":0,"parent":0,"menu_order":0,"comment_status":"closed","ping_status":"closed","template":"","meta":{"footnotes":""},"class_list":["post-1807","page","type-page","status-publish","hentry"],"_links":{"self":[{"href":"https:\/\/www.montagnesnoiresvtt.fr\/index.php?rest_route=\/wp\/v2\/pages\/1807","targetHints":{"allow":["GET"]}}],"collection":[{"href":"https:\/\/www.montagnesnoiresvtt.fr\/index.php?rest_route=\/wp\/v2\/pages"}],"about":[{"href":"https:\/\/www.montagnesnoiresvtt.fr\/index.php?rest_route=\/wp\/v2\/types\/page"}],"author":[{"embeddable":true,"href":"https:\/\/www.montagnesnoiresvtt.fr\/index.php?rest_route=\/wp\/v2\/users\/2"}],"replies":[{"embeddable":true,"href":"https:\/\/www.montagnesnoiresvtt.fr\/index.php?rest_route=%2Fwp%2Fv2%2Fcomments&post=1807"}],"version-history":[{"count":1,"href":"https:\/\/www.montagnesnoiresvtt.fr\/index.php?rest_route=\/wp\/v2\/pages\/1807\/revisions"}],"predecessor-version":[{"id":1808,"href":"https:\/\/www.montagnesnoiresvtt.fr\/index.php?rest_route=\/wp\/v2\/pages\/1807\/revisions\/1808"}],"wp:attachment":[{"href":"https:\/\/www.montagnesnoiresvtt.fr\/index.php?rest_route=%2Fwp%2Fv2%2Fmedia&parent=1807"}],"curies":[{"name":"wp","href":"https:\/\/api.w.org\/{rel}","templated":true}]}}