{"id":1563,"date":"2019-04-12T07:43:40","date_gmt":"2019-04-12T05:43:40","guid":{"rendered":"http:\/\/www.montagnesnoiresvtt.fr\/?page_id=1563"},"modified":"2019-05-05T19:49:39","modified_gmt":"2019-05-05T17:49:39","slug":"st-thois-2019","status":"publish","type":"page","link":"https:\/\/www.montagnesnoiresvtt.fr\/?page_id=1563","title":{"rendered":"St Thois 2019"},"content":{"rendered":"\n<p>Une \u00e9dition r\u00e9ussie avec un peu plus de 282 VTTistes, un peu moins que l&rsquo;ann\u00e9e derni\u00e8re, la m\u00e9t\u00e9o incertaine \u00e0 probablement eu raison du courage de certains V\u00e9t\u00e9tistes :-O<\/p>\n\n\n\n<p>Bon, il y avait aussi ce week-end d&rsquo;autres bonnes randonn\u00e9es organis\u00e9es, on ne peut se couper en quatre !<\/p>\n\n\n\n<p>J&rsquo;esp\u00e8re que vous avez appr\u00e9ci\u00e9 pour ceux qui l&rsquo;ont pratiqu\u00e9, le parcours. Qui \u00e9tait assez technique (m\u00eame en cool a priori), et quelques uns (et unes) ont d\u00fb se faire plaisir (ou peur) mais le tout dans la bonne ambiance \u00e9videmment. Parfois vouloir passer \u00e0 pied est plus risqu\u00e9 que passer sur le v\u00e9lo, on dit \u00e7\u00e0, on ne dis rien &#8230;<\/p>\n\n\n\n<p>Top 5 des clubs les plus repr\u00e9sent\u00e9s :<\/p>\n\n\n\n<ul class=\"wp-block-list\"><li>Quimper VTT &#8211; 20 participants<\/li><li>Landudal &#8211; 17 participants<\/li><li>Leuhan &#8211; 13 participants<\/li><li>Plogonnec &#8211; 11 participants<\/li><li>Cast VTT &#8211; 9 participants<\/li><\/ul>\n\n\n\n<p>Au chapitre des statistiques, pour m\u00e9moire, 20 v\u00e9los \u00e0 assistance nucl\u00e9aire ont labour\u00e9s le parcours. C&rsquo;\u00e9tait un message du FPM (Front de Protection des Musculaires) \u00e0 prendre \u00e9videmment avec d\u00e9rision -&lt;:-O<\/p>\n\n\n\n<p>Retrouvez vous sur les photos de l&rsquo;\u00e9v\u00e9nement :<\/p>\n\n\n\n<p><a href=\"https:\/\/drive.google.com\/drive\/folders\/1-eMY7ZWib8ooUtnLmSx_ub_lyPJCit2y?usp=sharing\">https:\/\/drive.google.com\/drive\/folders\/1-eMY7ZWib8ooUtnLmSx_ub_lyPJCit2y?usp=sharing<\/a><\/p>\n\n\n\n<p>Merci \u00e0 tous d&rsquo;avoir particip\u00e9, au plaisir de vous revoir l&rsquo;ann\u00e9e prochaine ! Ou bien au Roch &amp; Boss si vous \u00eates vraiment press\u00e9s&#8230;<\/p>\n","protected":false},"excerpt":{"rendered":"<p>Une \u00e9dition r\u00e9ussie avec un peu plus de 282 VTTistes, un peu moins que l&rsquo;ann\u00e9e derni\u00e8re, la m\u00e9t\u00e9o incertaine \u00e0 probablement eu raison du courage <a href=\"https:\/\/www.montagnesnoiresvtt.fr\/?page_id=1563\">Lire la suite &#8230;<\/a><\/p>\n","protected":false},"author":3,"featured_media":0,"parent":0,"menu_order":0,"comment_status":"closed","ping_status":"closed","template":"","meta":{"footnotes":""},"class_list":["post-1563","page","type-page","status-publish","hentry"],"_links":{"self":[{"href":"https:\/\/www.montagnesnoiresvtt.fr\/index.php?rest_route=\/wp\/v2\/pages\/1563","targetHints":{"allow":["GET"]}}],"collection":[{"href":"https:\/\/www.montagnesnoiresvtt.fr\/index.php?rest_route=\/wp\/v2\/pages"}],"about":[{"href":"https:\/\/www.montagnesnoiresvtt.fr\/index.php?rest_route=\/wp\/v2\/types\/page"}],"author":[{"embeddable":true,"href":"https:\/\/www.montagnesnoiresvtt.fr\/index.php?rest_route=\/wp\/v2\/users\/3"}],"replies":[{"embeddable":true,"href":"https:\/\/www.montagnesnoiresvtt.fr\/index.php?rest_route=%2Fwp%2Fv2%2Fcomments&post=1563"}],"version-history":[{"count":6,"href":"https:\/\/www.montagnesnoiresvtt.fr\/index.php?rest_route=\/wp\/v2\/pages\/1563\/revisions"}],"predecessor-version":[{"id":1584,"href":"https:\/\/www.montagnesnoiresvtt.fr\/index.php?rest_route=\/wp\/v2\/pages\/1563\/revisions\/1584"}],"wp:attachment":[{"href":"https:\/\/www.montagnesnoiresvtt.fr\/index.php?rest_route=%2Fwp%2Fv2%2Fmedia&parent=1563"}],"curies":[{"name":"wp","href":"https:\/\/api.w.org\/{rel}","templated":true}]}}